{"id":13,"date":"2021-04-05T22:57:35","date_gmt":"2021-04-05T22:57:35","guid":{"rendered":"https:\/\/caminbatraniselimbar.ro\/?page_id=13"},"modified":"2021-04-08T19:43:23","modified_gmt":"2021-04-08T19:43:23","slug":"home","status":"publish","type":"page","link":"https:\/\/caminbatraniselimbar.ro\/","title":{"rendered":"Home"},"content":{"rendered":"\n<div class=\"wp-block-cover alignfull has-white-background-color has-background-dim hestia-clear-top-padding\" style=\"min-height:1465px;aspect-ratio:unset;\"><div class=\"wp-block-cover__inner-container is-layout-flow wp-block-cover-is-layout-flow\">\n<h2 class=\"has-text-align-center has-text-color wp-block-heading\" style=\"color:#3c4858\">Ce v\u0103 oferim<\/h2>\n\n\n\n<div style=\"height:40px\" aria-hidden=\"true\" class=\"wp-block-spacer\"><\/div>\n\n\n\n<div class=\"wp-block-columns container is-layout-flex wp-container-core-columns-is-layout-28f84493 wp-block-columns-is-layout-flex\">\n<div class=\"wp-block-column is-layout-flow wp-block-column-is-layout-flow\">\n<figure class=\"wp-block-gallery aligncenter columns-1 is-cropped wp-block-gallery-1 is-layout-flex wp-block-gallery-is-layout-flex\"><ul class=\"blocks-gallery-grid\"><li class=\"blocks-gallery-item\"><figure><img loading=\"lazy\" decoding=\"async\" width=\"626\" height=\"626\" src=\"https:\/\/caminbatraniselimbar.ro\/wp-content\/uploads\/2021\/04\/home.png\" alt=\"\" data-id=\"68\" data-full-url=\"https:\/\/caminbatraniselimbar.ro\/wp-content\/uploads\/2021\/04\/home.png\" data-link=\"https:\/\/caminbatraniselimbar.ro\/index.php\/home\/home-2\/\" class=\"wp-image-68\" srcset=\"https:\/\/caminbatraniselimbar.ro\/wp-content\/uploads\/2021\/04\/home.png 626w, https:\/\/caminbatraniselimbar.ro\/wp-content\/uploads\/2021\/04\/home-300x300.png 300w, https:\/\/caminbatraniselimbar.ro\/wp-content\/uploads\/2021\/04\/home-150x150.png 150w\" sizes=\"auto, (max-width: 626px) 100vw, 626px\" \/><\/figure><\/li><\/ul><\/figure>\n\n\n\n<h5 class=\"has-text-align-center has-text-color wp-block-heading\" style=\"color:#3c4858;font-size:18px\">O cas\u0103 pentru b\u0103tr\u00e2ne\u021be<\/h5>\n\n\n\n<p class=\"has-text-align-center has-text-color\" style=\"color:#999999;font-size:14px\">Centru pentru \u00eengrijire seniori, un loc \u00een care persoanele \u00een v\u00e2rst\u0103 i\u0219i pot g\u0103si linistea, \u00eentr-o ambian\u021b\u0103 deosebit\u0103, oferim sprijin \u0219i asisten\u021b\u0103 necondi\u021bionat\u0103 cu ajutorul Lui Dumnezeu \u0219i a personalului calificat, dorim s\u0103 oferim o b\u0103tr\u00e2ne\u021be c\u00e2t mai fericit\u0103 \u0219i lini\u0219tit\u0103.<\/p>\n\n\n\n<div style=\"height:25px\" aria-hidden=\"true\" class=\"wp-block-spacer\"><\/div>\n<\/div>\n\n\n\n<div class=\"wp-block-column is-layout-flow wp-block-column-is-layout-flow\">\n<figure class=\"wp-block-gallery aligncenter columns-1 is-cropped wp-block-gallery-2 is-layout-flex wp-block-gallery-is-layout-flex\"><ul class=\"blocks-gallery-grid\"><li class=\"blocks-gallery-item\"><figure><img loading=\"lazy\" decoding=\"async\" width=\"512\" height=\"512\" src=\"https:\/\/caminbatraniselimbar.ro\/wp-content\/uploads\/2021\/04\/med-help-1.png\" alt=\"\" data-id=\"76\" data-full-url=\"https:\/\/caminbatraniselimbar.ro\/wp-content\/uploads\/2021\/04\/med-help-1.png\" data-link=\"https:\/\/caminbatraniselimbar.ro\/index.php\/home\/med-help-1\/\" class=\"wp-image-76\" srcset=\"https:\/\/caminbatraniselimbar.ro\/wp-content\/uploads\/2021\/04\/med-help-1.png 512w, https:\/\/caminbatraniselimbar.ro\/wp-content\/uploads\/2021\/04\/med-help-1-300x300.png 300w, https:\/\/caminbatraniselimbar.ro\/wp-content\/uploads\/2021\/04\/med-help-1-150x150.png 150w\" sizes=\"auto, (max-width: 512px) 100vw, 512px\" \/><\/figure><\/li><\/ul><\/figure>\n\n\n\n<h5 class=\"has-text-align-center has-text-color wp-block-heading\" style=\"color:#3c4858;font-size:18px\">Asisten\u021b\u0103 medical\u0103 <br>permanent\u0103<\/h5>\n\n\n\n<p class=\"has-text-align-center has-text-color\" style=\"color:#999999;font-size:14px\">Asigur\u0103m asisten\u021b\u0103 medical\u0103 permanent\u0103, cu doi medici de familie, asistente si infirmiere 24 de ore pe zi. Ne concentr\u0103m aten\u021bia pe nevoile speciale ale beneficiarilor no\u0219trii, \u00eencerc\u0103m s\u0103 aducem alinare indiferent de problemele cu care se confrunt\u0103.<\/p>\n\n\n\n<div style=\"height:25px\" aria-hidden=\"true\" class=\"wp-block-spacer\"><\/div>\n<\/div>\n\n\n\n<div class=\"wp-block-column is-layout-flow wp-block-column-is-layout-flow\">\n<figure class=\"wp-block-gallery aligncenter columns-1 is-cropped wp-block-gallery-3 is-layout-flex wp-block-gallery-is-layout-flex\"><ul class=\"blocks-gallery-grid\"><li class=\"blocks-gallery-item\"><figure><img loading=\"lazy\" decoding=\"async\" width=\"626\" height=\"626\" src=\"https:\/\/caminbatraniselimbar.ro\/wp-content\/uploads\/2021\/04\/sport-3.png\" alt=\"\" data-id=\"86\" data-full-url=\"https:\/\/caminbatraniselimbar.ro\/wp-content\/uploads\/2021\/04\/sport-3.png\" data-link=\"https:\/\/caminbatraniselimbar.ro\/index.php\/home\/sport-3\/\" class=\"wp-image-86\" srcset=\"https:\/\/caminbatraniselimbar.ro\/wp-content\/uploads\/2021\/04\/sport-3.png 626w, https:\/\/caminbatraniselimbar.ro\/wp-content\/uploads\/2021\/04\/sport-3-300x300.png 300w, https:\/\/caminbatraniselimbar.ro\/wp-content\/uploads\/2021\/04\/sport-3-150x150.png 150w\" sizes=\"auto, (max-width: 626px) 100vw, 626px\" \/><\/figure><\/li><\/ul><\/figure>\n\n\n\n<h5 class=\"has-text-align-center has-text-color wp-block-heading\" style=\"color:#3c4858;font-size:18px\">Gimnastic\u0103 de recuperare \u0219i \u00eentre\u021binere<\/h5>\n\n\n\n<p class=\"has-text-align-center has-text-color\" style=\"color:#999999;font-size:14px\">Pentru a trece mai u\u0219or peste dificult\u0103\u021bi fizice, dispunem de sal\u0103 de gimanstic\u0103 de recuperare \u0219i \u00eentre\u021binere, precum \u0219i sal\u0103 de masaj, \u00eempreun\u0103 cu personal calificat, preg\u0103tit s\u0103 ajute la buna dezvoltare \u0219i men\u021binere a capacit\u0103\u021bilor func\u021bionale.<\/p>\n\n\n\n<div style=\"height:25px\" aria-hidden=\"true\" class=\"wp-block-spacer\"><\/div>\n<\/div>\n<\/div>\n\n\n\n<div class=\"wp-block-columns container is-layout-flex wp-container-core-columns-is-layout-28f84493 wp-block-columns-is-layout-flex\">\n<div class=\"wp-block-column is-layout-flow wp-block-column-is-layout-flow\">\n<figure class=\"wp-block-gallery aligncenter columns-1 is-cropped wp-block-gallery-4 is-layout-flex wp-block-gallery-is-layout-flex\"><ul class=\"blocks-gallery-grid\"><li class=\"blocks-gallery-item\"><figure><img loading=\"lazy\" decoding=\"async\" width=\"1024\" height=\"1013\" src=\"https:\/\/caminbatraniselimbar.ro\/wp-content\/uploads\/2021\/04\/682-6821788_transparent-weight-clipart-healthy-food-icon-png-png-1024x1013.png\" alt=\"\" data-id=\"98\" data-full-url=\"https:\/\/caminbatraniselimbar.ro\/wp-content\/uploads\/2021\/04\/682-6821788_transparent-weight-clipart-healthy-food-icon-png-png.png\" data-link=\"https:\/\/caminbatraniselimbar.ro\/index.php\/home\/682-6821788_transparent-weight-clipart-healthy-food-icon-png-png\/\" class=\"wp-image-98\" srcset=\"https:\/\/caminbatraniselimbar.ro\/wp-content\/uploads\/2021\/04\/682-6821788_transparent-weight-clipart-healthy-food-icon-png-png-1024x1013.png 1024w, https:\/\/caminbatraniselimbar.ro\/wp-content\/uploads\/2021\/04\/682-6821788_transparent-weight-clipart-healthy-food-icon-png-png-300x297.png 300w, https:\/\/caminbatraniselimbar.ro\/wp-content\/uploads\/2021\/04\/682-6821788_transparent-weight-clipart-healthy-food-icon-png-png-768x760.png 768w, https:\/\/caminbatraniselimbar.ro\/wp-content\/uploads\/2021\/04\/682-6821788_transparent-weight-clipart-healthy-food-icon-png-png.png 1052w\" sizes=\"auto, (max-width: 1024px) 100vw, 1024px\" \/><\/figure><\/li><\/ul><\/figure>\n\n\n\n<h5 class=\"has-text-align-center has-text-color wp-block-heading\" style=\"color:#3c4858;font-size:18px\">Hran\u0103 diversificat\u0103, echilibrat\u0103 \u0219i s\u0103n\u0103toas\u0103<\/h5>\n\n\n\n<p class=\"has-text-align-center has-text-color\" style=\"color:#999999;font-size:14px\">Centru dispune de bucat\u0103rie proprie \u0219i dou\u0103 s\u0103li pentru servirea mesei. Oferim meniuri variate \u0219i echilibrate. Pentru preparatele servite, folosim \u0219i produse din gr\u0103dina proprie, produse \u00een sistem bio, chiar l\u00e2ng\u0103 cl\u0103direa c\u0103minului.<\/p>\n\n\n\n<div style=\"height:25px\" aria-hidden=\"true\" class=\"wp-block-spacer\"><\/div>\n<\/div>\n\n\n\n<div class=\"wp-block-column is-layout-flow wp-block-column-is-layout-flow\">\n<figure class=\"wp-block-gallery aligncenter columns-1 is-cropped wp-block-gallery-5 is-layout-flex wp-block-gallery-is-layout-flex\"><ul class=\"blocks-gallery-grid\"><li class=\"blocks-gallery-item\"><figure><img loading=\"lazy\" decoding=\"async\" width=\"630\" height=\"622\" src=\"https:\/\/caminbatraniselimbar.ro\/wp-content\/uploads\/2021\/04\/Interaction.png\" alt=\"\" data-id=\"102\" data-full-url=\"https:\/\/caminbatraniselimbar.ro\/wp-content\/uploads\/2021\/04\/Interaction.png\" data-link=\"https:\/\/caminbatraniselimbar.ro\/index.php\/home\/interaction\/\" class=\"wp-image-102\" srcset=\"https:\/\/caminbatraniselimbar.ro\/wp-content\/uploads\/2021\/04\/Interaction.png 630w, https:\/\/caminbatraniselimbar.ro\/wp-content\/uploads\/2021\/04\/Interaction-300x296.png 300w\" sizes=\"auto, (max-width: 630px) 100vw, 630px\" \/><\/figure><\/li><\/ul><\/figure>\n\n\n\n<h5 class=\"has-text-align-center has-text-color wp-block-heading\" style=\"color:#3c4858;font-size:18px\">Activit\u0103\u021bi socio-culturale \u0219i \u00eengrijire<\/h5>\n\n\n\n<p class=\"has-text-align-center has-text-color\" style=\"color:#999999;font-size:14px\">S\u0103rb\u0103torirea \u00een mode festiv a zilelor de na\u0219tere, organizarea meselor festive cu ocazia s\u0103rb\u0103torilor, Cr\u0103ciun, Pa\u0219te, Anul Nou. Oferim servicii de coafur\u0103, frizerie, manichiur\u0103, pedichiur\u0103.<\/p>\n\n\n\n<div style=\"height:25px\" aria-hidden=\"true\" class=\"wp-block-spacer\"><\/div>\n<\/div>\n\n\n\n<div class=\"wp-block-column is-layout-flow wp-block-column-is-layout-flow\">\n<figure class=\"wp-block-gallery aligncenter columns-1 is-cropped wp-block-gallery-6 is-layout-flex wp-block-gallery-is-layout-flex\"><ul class=\"blocks-gallery-grid\"><li class=\"blocks-gallery-item\"><figure><img loading=\"lazy\" decoding=\"async\" width=\"980\" height=\"980\" src=\"https:\/\/caminbatraniselimbar.ro\/wp-content\/uploads\/2021\/04\/nurse-care-1.png\" alt=\"\" data-id=\"106\" data-full-url=\"https:\/\/caminbatraniselimbar.ro\/wp-content\/uploads\/2021\/04\/nurse-care-1.png\" data-link=\"https:\/\/caminbatraniselimbar.ro\/index.php\/home\/nurse-care-1\/\" class=\"wp-image-106\" srcset=\"https:\/\/caminbatraniselimbar.ro\/wp-content\/uploads\/2021\/04\/nurse-care-1.png 980w, https:\/\/caminbatraniselimbar.ro\/wp-content\/uploads\/2021\/04\/nurse-care-1-300x300.png 300w, https:\/\/caminbatraniselimbar.ro\/wp-content\/uploads\/2021\/04\/nurse-care-1-150x150.png 150w, https:\/\/caminbatraniselimbar.ro\/wp-content\/uploads\/2021\/04\/nurse-care-1-768x768.png 768w\" sizes=\"auto, (max-width: 980px) 100vw, 980px\" \/><\/figure><\/li><\/ul><\/figure>\n\n\n\n<h5 class=\"has-text-align-center has-text-color wp-block-heading\" style=\"color:#3c4858;font-size:18px\">Supraveghere general\u0103 \u0219i consiliere psihologic\u0103<\/h5>\n\n\n\n<p class=\"has-text-align-center has-text-color\" style=\"color:#999999;font-size:14px\">Oferim supraveghere general\u0103 \u0219i special\u0103 acolo unde este nevoie, persoanelor cu demen\u021b\u0103 sau alzheimer. De asemenea sunte alaturi de cei care au suferit un avc \u0219i sunt \u00een perioada de recuperare.<\/p>\n\n\n\n<div style=\"height:25px\" aria-hidden=\"true\" class=\"wp-block-spacer\"><\/div>\n<\/div>\n<\/div>\n\n\n\n<div style=\"height:40px\" aria-hidden=\"true\" class=\"wp-block-spacer\"><\/div>\n<\/div><\/div>\n","protected":false},"excerpt":{"rendered":"","protected":false},"author":1,"featured_media":47,"parent":0,"menu_order":0,"comment_status":"closed","ping_status":"closed","template":"","meta":{"footnotes":""},"class_list":["post-13","page","type-page","status-publish","has-post-thumbnail","hentry"],"yoast_head":"<!-- This site is optimized with the Yoast SEO plugin v24.8.1 - https:\/\/yoast.com\/wordpress\/plugins\/seo\/ -->\n<title>Home - Senioren Haus Bethel<\/title>\n<meta name=\"robots\" content=\"index, follow, max-snippet:-1, max-image-preview:large, max-video-preview:-1\" \/>\n<link rel=\"canonical\" href=\"https:\/\/caminbatraniselimbar.ro\/\" \/>\n<meta property=\"og:locale\" content=\"en_US\" \/>\n<meta property=\"og:type\" content=\"article\" \/>\n<meta property=\"og:title\" content=\"Home - Senioren Haus Bethel\" \/>\n<meta property=\"og:url\" content=\"https:\/\/caminbatraniselimbar.ro\/\" \/>\n<meta property=\"og:site_name\" content=\"Senioren Haus Bethel\" \/>\n<meta property=\"article:modified_time\" content=\"2021-04-08T19:43:23+00:00\" \/>\n<meta property=\"og:image\" content=\"https:\/\/caminbatraniselimbar.ro\/wp-content\/uploads\/2021\/04\/shutterstock_1785938756_small.jpg\" \/>\n\t<meta property=\"og:image:width\" content=\"1920\" \/>\n\t<meta property=\"og:image:height\" content=\"760\" \/>\n\t<meta property=\"og:image:type\" content=\"image\/jpeg\" \/>\n<meta name=\"twitter:card\" content=\"summary_large_image\" \/>\n<meta name=\"twitter:label1\" content=\"Est. reading time\" \/>\n\t<meta name=\"twitter:data1\" content=\"3 minutes\" \/>\n<script type=\"application\/ld+json\" class=\"yoast-schema-graph\">{\"@context\":\"https:\/\/schema.org\",\"@graph\":[{\"@type\":\"WebPage\",\"@id\":\"https:\/\/caminbatraniselimbar.ro\/\",\"url\":\"https:\/\/caminbatraniselimbar.ro\/\",\"name\":\"Home - Senioren Haus Bethel\",\"isPartOf\":{\"@id\":\"https:\/\/caminbatraniselimbar.ro\/#website\"},\"primaryImageOfPage\":{\"@id\":\"https:\/\/caminbatraniselimbar.ro\/#primaryimage\"},\"image\":{\"@id\":\"https:\/\/caminbatraniselimbar.ro\/#primaryimage\"},\"thumbnailUrl\":\"https:\/\/caminbatraniselimbar.ro\/wp-content\/uploads\/2021\/04\/shutterstock_1785938756_small.jpg\",\"datePublished\":\"2021-04-05T22:57:35+00:00\",\"dateModified\":\"2021-04-08T19:43:23+00:00\",\"breadcrumb\":{\"@id\":\"https:\/\/caminbatraniselimbar.ro\/#breadcrumb\"},\"inLanguage\":\"en-US\",\"potentialAction\":[{\"@type\":\"ReadAction\",\"target\":[\"https:\/\/caminbatraniselimbar.ro\/\"]}]},{\"@type\":\"ImageObject\",\"inLanguage\":\"en-US\",\"@id\":\"https:\/\/caminbatraniselimbar.ro\/#primaryimage\",\"url\":\"https:\/\/caminbatraniselimbar.ro\/wp-content\/uploads\/2021\/04\/shutterstock_1785938756_small.jpg\",\"contentUrl\":\"https:\/\/caminbatraniselimbar.ro\/wp-content\/uploads\/2021\/04\/shutterstock_1785938756_small.jpg\",\"width\":1920,\"height\":760,\"caption\":\"Persoane \u00een v\u00e2rsta\"},{\"@type\":\"BreadcrumbList\",\"@id\":\"https:\/\/caminbatraniselimbar.ro\/#breadcrumb\",\"itemListElement\":[{\"@type\":\"ListItem\",\"position\":1,\"name\":\"Home\",\"item\":\"https:\/\/caminbatraniselimbar.ro\/\"},{\"@type\":\"ListItem\",\"position\":2,\"name\":\"Home\"}]},{\"@type\":\"WebSite\",\"@id\":\"https:\/\/caminbatraniselimbar.ro\/#website\",\"url\":\"https:\/\/caminbatraniselimbar.ro\/\",\"name\":\"Senioren Haus Bethel\",\"description\":\"Just another WordPress site\",\"publisher\":{\"@id\":\"https:\/\/caminbatraniselimbar.ro\/#organization\"},\"potentialAction\":[{\"@type\":\"SearchAction\",\"target\":{\"@type\":\"EntryPoint\",\"urlTemplate\":\"https:\/\/caminbatraniselimbar.ro\/?s={search_term_string}\"},\"query-input\":{\"@type\":\"PropertyValueSpecification\",\"valueRequired\":true,\"valueName\":\"search_term_string\"}}],\"inLanguage\":\"en-US\"},{\"@type\":\"Organization\",\"@id\":\"https:\/\/caminbatraniselimbar.ro\/#organization\",\"name\":\"Senioren Haus Bethel\",\"url\":\"https:\/\/caminbatraniselimbar.ro\/\",\"logo\":{\"@type\":\"ImageObject\",\"inLanguage\":\"en-US\",\"@id\":\"https:\/\/caminbatraniselimbar.ro\/#\/schema\/logo\/image\/\",\"url\":\"https:\/\/caminbatraniselimbar.ro\/wp-content\/uploads\/2021\/04\/sigla2.png\",\"contentUrl\":\"https:\/\/caminbatraniselimbar.ro\/wp-content\/uploads\/2021\/04\/sigla2.png\",\"width\":271,\"height\":251,\"caption\":\"Senioren Haus Bethel\"},\"image\":{\"@id\":\"https:\/\/caminbatraniselimbar.ro\/#\/schema\/logo\/image\/\"}}]}<\/script>\n<!-- \/ Yoast SEO plugin. -->","yoast_head_json":{"title":"Home - Senioren Haus Bethel","robots":{"index":"index","follow":"follow","max-snippet":"max-snippet:-1","max-image-preview":"max-image-preview:large","max-video-preview":"max-video-preview:-1"},"canonical":"https:\/\/caminbatraniselimbar.ro\/","og_locale":"en_US","og_type":"article","og_title":"Home - Senioren Haus Bethel","og_url":"https:\/\/caminbatraniselimbar.ro\/","og_site_name":"Senioren Haus Bethel","article_modified_time":"2021-04-08T19:43:23+00:00","og_image":[{"width":1920,"height":760,"url":"https:\/\/caminbatraniselimbar.ro\/wp-content\/uploads\/2021\/04\/shutterstock_1785938756_small.jpg","type":"image\/jpeg"}],"twitter_card":"summary_large_image","twitter_misc":{"Est. reading time":"3 minutes"},"schema":{"@context":"https:\/\/schema.org","@graph":[{"@type":"WebPage","@id":"https:\/\/caminbatraniselimbar.ro\/","url":"https:\/\/caminbatraniselimbar.ro\/","name":"Home - Senioren Haus Bethel","isPartOf":{"@id":"https:\/\/caminbatraniselimbar.ro\/#website"},"primaryImageOfPage":{"@id":"https:\/\/caminbatraniselimbar.ro\/#primaryimage"},"image":{"@id":"https:\/\/caminbatraniselimbar.ro\/#primaryimage"},"thumbnailUrl":"https:\/\/caminbatraniselimbar.ro\/wp-content\/uploads\/2021\/04\/shutterstock_1785938756_small.jpg","datePublished":"2021-04-05T22:57:35+00:00","dateModified":"2021-04-08T19:43:23+00:00","breadcrumb":{"@id":"https:\/\/caminbatraniselimbar.ro\/#breadcrumb"},"inLanguage":"en-US","potentialAction":[{"@type":"ReadAction","target":["https:\/\/caminbatraniselimbar.ro\/"]}]},{"@type":"ImageObject","inLanguage":"en-US","@id":"https:\/\/caminbatraniselimbar.ro\/#primaryimage","url":"https:\/\/caminbatraniselimbar.ro\/wp-content\/uploads\/2021\/04\/shutterstock_1785938756_small.jpg","contentUrl":"https:\/\/caminbatraniselimbar.ro\/wp-content\/uploads\/2021\/04\/shutterstock_1785938756_small.jpg","width":1920,"height":760,"caption":"Persoane \u00een v\u00e2rsta"},{"@type":"BreadcrumbList","@id":"https:\/\/caminbatraniselimbar.ro\/#breadcrumb","itemListElement":[{"@type":"ListItem","position":1,"name":"Home","item":"https:\/\/caminbatraniselimbar.ro\/"},{"@type":"ListItem","position":2,"name":"Home"}]},{"@type":"WebSite","@id":"https:\/\/caminbatraniselimbar.ro\/#website","url":"https:\/\/caminbatraniselimbar.ro\/","name":"Senioren Haus Bethel","description":"Just another WordPress site","publisher":{"@id":"https:\/\/caminbatraniselimbar.ro\/#organization"},"potentialAction":[{"@type":"SearchAction","target":{"@type":"EntryPoint","urlTemplate":"https:\/\/caminbatraniselimbar.ro\/?s={search_term_string}"},"query-input":{"@type":"PropertyValueSpecification","valueRequired":true,"valueName":"search_term_string"}}],"inLanguage":"en-US"},{"@type":"Organization","@id":"https:\/\/caminbatraniselimbar.ro\/#organization","name":"Senioren Haus Bethel","url":"https:\/\/caminbatraniselimbar.ro\/","logo":{"@type":"ImageObject","inLanguage":"en-US","@id":"https:\/\/caminbatraniselimbar.ro\/#\/schema\/logo\/image\/","url":"https:\/\/caminbatraniselimbar.ro\/wp-content\/uploads\/2021\/04\/sigla2.png","contentUrl":"https:\/\/caminbatraniselimbar.ro\/wp-content\/uploads\/2021\/04\/sigla2.png","width":271,"height":251,"caption":"Senioren Haus Bethel"},"image":{"@id":"https:\/\/caminbatraniselimbar.ro\/#\/schema\/logo\/image\/"}}]}},"_links":{"self":[{"href":"https:\/\/caminbatraniselimbar.ro\/index.php\/wp-json\/wp\/v2\/pages\/13","targetHints":{"allow":["GET"]}}],"collection":[{"href":"https:\/\/caminbatraniselimbar.ro\/index.php\/wp-json\/wp\/v2\/pages"}],"about":[{"href":"https:\/\/caminbatraniselimbar.ro\/index.php\/wp-json\/wp\/v2\/types\/page"}],"author":[{"embeddable":true,"href":"https:\/\/caminbatraniselimbar.ro\/index.php\/wp-json\/wp\/v2\/users\/1"}],"replies":[{"embeddable":true,"href":"https:\/\/caminbatraniselimbar.ro\/index.php\/wp-json\/wp\/v2\/comments?post=13"}],"version-history":[{"count":15,"href":"https:\/\/caminbatraniselimbar.ro\/index.php\/wp-json\/wp\/v2\/pages\/13\/revisions"}],"predecessor-version":[{"id":107,"href":"https:\/\/caminbatraniselimbar.ro\/index.php\/wp-json\/wp\/v2\/pages\/13\/revisions\/107"}],"wp:featuredmedia":[{"embeddable":true,"href":"https:\/\/caminbatraniselimbar.ro\/index.php\/wp-json\/wp\/v2\/media\/47"}],"wp:attachment":[{"href":"https:\/\/caminbatraniselimbar.ro\/index.php\/wp-json\/wp\/v2\/media?parent=13"}],"curies":[{"name":"wp","href":"https:\/\/api.w.org\/{rel}","templated":true}]}}